{"id":22465,"date":"2020-06-16T12:15:33","date_gmt":"2020-06-16T12:15:33","guid":{"rendered":"https:\/\/minevaganti.org\/?page_id=22465"},"modified":"2020-06-16T18:13:16","modified_gmt":"2020-06-16T18:13:16","slug":"casmi","status":"publish","type":"page","link":"https:\/\/minevaganti.org\/it\/casmi\/","title":{"rendered":"CASMI"},"content":{"rendered":"<p>L'Mine Vaganti NGO \u00e8 una delle 14 organizzazioni fondatrici del Comitato delle Associazioni sarde per la mobilit\u00e0 internazionale (CASMI).<br>Il CASMI \u00e8 un comitato di organizzazioni attive in Sardegna nei settori dell'educazione non formale, della mobilit\u00e0 internazionale, della progettazione europea e dell'inclusione dei giovani. Siamo indipendenti, apolitici e promuoviamo i valori della cittadinanza attiva, dell'inclusione sociale e della lotta ai pregiudizi. Abbiamo creato un comitato per promuovere l'educazione non formale e la mobilit\u00e0 internazionale come strumento di crescita, individuale e collettiva, a tutti i livelli.<br>Ogni anno viene organizzato un evento chiamato \"Connections\" con l'obiettivo di promuovere il volontariato, la mobilit\u00e0 internazionale, lo scambio di buone pratiche e la creazione di nuovi progetti. L'evento \u00e8 rivolto principalmente ad associazioni locali, istituzioni locali, istituti scolastici, giovani e famiglie.<br>MVNGO ha organizzato l'edizione 2019 a Nuoro in collaborazione con Europedirect Nuoro.<\/p>\n\n\n\n<p>Per ulteriori informazioni, visitare il sito <a target=\"_blank\" href=\"https:\/\/www.casmisardegna.org\/?fbclid=IwAR3IbQ3UshjPNmTWZeIJ1vcdpSUPqSrUP53i6nlYN3vO9nilf464ecsAnzE\" rel=\"noreferrer noopener\">https:\/\/www.casmisardegna.org\/<\/a><\/p>","protected":false},"excerpt":{"rendered":"<p>Mine Vaganti NGO is among of the 14 founders organizations of Comitato delle Associazioni sarde per la mobilit\u00e0 internazionale (CASMI).CASMI is a committee of organizations active in Sardinia in the non-formal education, international mobility, European planning and inclusion of young people sectors. We are independent, apolitical and we promote the values of active citizenship, social [&hellip;]<\/p>\n","protected":false},"author":9,"featured_media":0,"parent":0,"menu_order":0,"comment_status":"closed","ping_status":"closed","template":"","meta":{"ocean_post_layout":"","ocean_both_sidebars_style":"","ocean_both_sidebars_content_width":0,"ocean_both_sidebars_sidebars_width":0,"ocean_sidebar":"0","ocean_second_sidebar":"0","ocean_disable_margins":"enable","ocean_add_body_class":"","ocean_shortcode_before_top_bar":"","ocean_shortcode_after_top_bar":"","ocean_shortcode_before_header":"","ocean_shortcode_after_header":"","ocean_has_shortcode":"","ocean_shortcode_after_title":"","ocean_shortcode_before_footer_widgets":"","ocean_shortcode_after_footer_widgets":"","ocean_shortcode_before_footer_bottom":"","ocean_shortcode_after_footer_bottom":"","ocean_display_top_bar":"default","ocean_display_header":"default","ocean_header_style":"","ocean_center_header_left_menu":"0","ocean_custom_header_template":"0","ocean_custom_logo":0,"ocean_custom_retina_logo":0,"ocean_custom_logo_max_width":0,"ocean_custom_logo_tablet_max_width":0,"ocean_custom_logo_mobile_max_width":0,"ocean_custom_logo_max_height":0,"ocean_custom_logo_tablet_max_height":0,"ocean_custom_logo_mobile_max_height":0,"ocean_header_custom_menu":"0","ocean_menu_typo_font_family":"0","ocean_menu_typo_font_subset":"","ocean_menu_typo_font_size":0,"ocean_menu_typo_font_size_tablet":0,"ocean_menu_typo_font_size_mobile":0,"ocean_menu_typo_font_size_unit":"px","ocean_menu_typo_font_weight":"","ocean_menu_typo_font_weight_tablet":"","ocean_menu_typo_font_weight_mobile":"","ocean_menu_typo_transform":"","ocean_menu_typo_transform_tablet":"","ocean_menu_typo_transform_mobile":"","ocean_menu_typo_line_height":0,"ocean_menu_typo_line_height_tablet":0,"ocean_menu_typo_line_height_mobile":0,"ocean_menu_typo_line_height_unit":"","ocean_menu_typo_spacing":0,"ocean_menu_typo_spacing_tablet":0,"ocean_menu_typo_spacing_mobile":0,"ocean_menu_typo_spacing_unit":"","ocean_menu_link_color":"","ocean_menu_link_color_hover":"","ocean_menu_link_color_active":"","ocean_menu_link_background":"","ocean_menu_link_hover_background":"","ocean_menu_link_active_background":"","ocean_menu_social_links_bg":"","ocean_menu_social_hover_links_bg":"","ocean_menu_social_links_color":"","ocean_menu_social_hover_links_color":"","ocean_disable_title":"default","ocean_disable_heading":"default","ocean_post_title":"","ocean_post_subheading":"","ocean_post_title_style":"","ocean_post_title_background_color":"","ocean_post_title_background":0,"ocean_post_title_bg_image_position":"","ocean_post_title_bg_image_attachment":"","ocean_post_title_bg_image_repeat":"","ocean_post_title_bg_image_size":"","ocean_post_title_height":0,"ocean_post_title_bg_overlay":0.5,"ocean_post_title_bg_overlay_color":"","ocean_disable_breadcrumbs":"default","ocean_breadcrumbs_color":"","ocean_breadcrumbs_separator_color":"","ocean_breadcrumbs_links_color":"","ocean_breadcrumbs_links_hover_color":"","ocean_display_footer_widgets":"default","ocean_display_footer_bottom":"default","ocean_custom_footer_template":"0","footnotes":""},"class_list":["post-22465","page","type-page","status-publish","hentry","entry"],"_links":{"self":[{"href":"https:\/\/minevaganti.org\/it\/wp-json\/wp\/v2\/pages\/22465","targetHints":{"allow":["GET"]}}],"collection":[{"href":"https:\/\/minevaganti.org\/it\/wp-json\/wp\/v2\/pages"}],"about":[{"href":"https:\/\/minevaganti.org\/it\/wp-json\/wp\/v2\/types\/page"}],"author":[{"embeddable":true,"href":"https:\/\/minevaganti.org\/it\/wp-json\/wp\/v2\/users\/9"}],"replies":[{"embeddable":true,"href":"https:\/\/minevaganti.org\/it\/wp-json\/wp\/v2\/comments?post=22465"}],"version-history":[{"count":2,"href":"https:\/\/minevaganti.org\/it\/wp-json\/wp\/v2\/pages\/22465\/revisions"}],"predecessor-version":[{"id":22605,"href":"https:\/\/minevaganti.org\/it\/wp-json\/wp\/v2\/pages\/22465\/revisions\/22605"}],"wp:attachment":[{"href":"https:\/\/minevaganti.org\/it\/wp-json\/wp\/v2\/media?parent=22465"}],"curies":[{"name":"wp","href":"https:\/\/api.w.org\/{rel}","templated":true}]}}