{"id":15508,"date":"2018-10-07T12:13:26","date_gmt":"2018-10-07T12:13:26","guid":{"rendered":"https:\/\/minevaganti.org\/?page_id=15508"},"modified":"2020-05-13T14:18:46","modified_gmt":"2020-05-13T14:18:46","slug":"terms-of-service","status":"publish","type":"page","link":"https:\/\/minevaganti.org\/it\/terms-of-service\/","title":{"rendered":"Terms of service"},"content":{"rendered":"<div data-elementor-type=\"wp-page\" data-elementor-id=\"15508\" class=\"elementor elementor-15508\" data-elementor-post-type=\"page\">\n\t\t\t\t\t\t<section class=\"elementor-section elementor-top-section elementor-element elementor-element-418165a3 elementor-section-boxed elementor-section-height-default elementor-section-height-default\" data-id=\"418165a3\" data-element_type=\"section\" data-e-type=\"section\">\n\t\t\t\t\t\t<div class=\"elementor-container elementor-column-gap-default\">\n\t\t\t\t\t<div class=\"elementor-column elementor-col-100 elementor-top-column elementor-element elementor-element-5375377a\" data-id=\"5375377a\" data-element_type=\"column\" data-e-type=\"column\">\n\t\t\t<div class=\"elementor-widget-wrap elementor-element-populated\">\n\t\t\t\t\t\t<div class=\"elementor-element elementor-element-1b09e754 elementor-widget elementor-widget-heading\" data-id=\"1b09e754\" data-element_type=\"widget\" data-e-type=\"widget\" data-widget_type=\"heading.default\">\n\t\t\t\t<div class=\"elementor-widget-container\">\n\t\t\t\t\t<h2 class=\"elementor-heading-title elementor-size-large\">Privacy policy<\/h2>\t\t\t\t<\/div>\n\t\t\t\t<\/div>\n\t\t\t\t<div class=\"elementor-element elementor-element-289708c8 elementor-widget-divider--view-line elementor-widget elementor-widget-divider\" data-id=\"289708c8\" data-element_type=\"widget\" data-e-type=\"widget\" data-widget_type=\"divider.default\">\n\t\t\t\t<div class=\"elementor-widget-container\">\n\t\t\t\t\t\t\t<div class=\"elementor-divider\">\n\t\t\t<span class=\"elementor-divider-separator\">\n\t\t\t\t\t\t<\/span>\n\t\t<\/div>\n\t\t\t\t\t\t<\/div>\n\t\t\t\t<\/div>\n\t\t\t\t<div class=\"elementor-element elementor-element-2e8b9d19 elementor-widget elementor-widget-text-editor\" data-id=\"2e8b9d19\" data-element_type=\"widget\" data-e-type=\"widget\" data-widget_type=\"text-editor.default\">\n\t\t\t\t<div class=\"elementor-widget-container\">\n\t\t\t\t\t\t\t\t\t<p><strong>Data di entrata in vigore: 21 novembre 2018<\/strong><\/p><p style=\"text-align: left;\">Mine Vaganti NGO (\"noi\", \"ci\" o \"nostro\") gestisce il sito web https:\/\/minevaganti.org\/ (il \"Servizio\").<\/p><p style=\"text-align: left;\">Questa pagina informa l'utente sulle nostre politiche relative alla raccolta, all'uso e alla divulgazione dei dati personali quando utilizza il nostro Servizio e sulle scelte che l'utente ha associato a tali dati.<\/p><p style=\"text-align: left;\">Utilizziamo i vostri dati per fornire e migliorare il Servizio. Utilizzando il Servizio, l'utente accetta la raccolta e l'utilizzo delle informazioni in conformit\u00e0 con la presente informativa. Se non diversamente definito nella presente Informativa sulla privacy, i termini utilizzati nella presente Informativa sulla privacy hanno lo stesso significato dei nostri Termini e condizioni, accessibili da https:\/\/minevaganti.org\/.<\/p><h2 style=\"text-align: left;\">Raccolta e utilizzo delle informazioni<\/h2><p style=\"text-align: left;\">Raccogliamo diversi tipi di informazioni per vari scopi, al fine di fornire e migliorare il nostro servizio all'utente.<\/p><h3 style=\"text-align: left;\">Tipi di dati raccolti<\/h3><h4 style=\"text-align: left;\">Dati personali<\/h4><p style=\"text-align: left;\">Durante l'utilizzo del nostro Servizio, potremmo chiedervi di fornirci alcune informazioni di identificazione personale che possono essere utilizzate per contattarvi o identificarvi (\"Dati personali\"). Le informazioni di identificazione personale possono includere, a titolo esemplificativo ma non esaustivo:<\/p><ul style=\"text-align: left;\"><li>Indirizzo e-mail<\/li><li>Nome e cognome<\/li><li>Numero di telefono<\/li><li>Indirizzo, Stato, Provincia, CAP, Citt\u00e0<\/li><li>Cookie e dati di utilizzo<\/li><\/ul><h4 style=\"text-align: left;\">Dati di utilizzo<\/h4><p style=\"text-align: left;\">Possiamo anche raccogliere informazioni sulle modalit\u00e0 di accesso e utilizzo del Servizio (\"Dati di utilizzo\"). Questi Dati di utilizzo possono includere informazioni quali l'indirizzo del protocollo Internet del vostro computer (ad esempio, l'indirizzo IP), il tipo di browser, la versione del browser, le pagine del nostro Servizio che visitate, l'ora e la data della vostra visita, il tempo trascorso su tali pagine, gli identificatori unici del dispositivo e altri dati diagnostici.<\/p><h4 style=\"text-align: left;\">Dati di tracciamento e cookie<\/h4><p style=\"text-align: left;\">Utilizziamo cookie e tecnologie di tracciamento simili per monitorare l'attivit\u00e0 sul nostro Servizio e conservare determinate informazioni.<\/p><p style=\"text-align: left;\">I cookie sono file contenenti una piccola quantit\u00e0 di dati che possono includere un identificatore unico anonimo. I cookie vengono inviati al vostro browser da un sito web e memorizzati sul vostro dispositivo. Le tecnologie di tracciamento utilizzate sono anche beacon, tag e script per raccogliere e tracciare informazioni e per migliorare e analizzare il nostro Servizio.<\/p><p style=\"text-align: left;\">L'utente pu\u00f2 indicare al proprio browser di rifiutare tutti i cookie o di segnalare l'invio di un cookie. Tuttavia, se non accettate i cookie, potreste non essere in grado di utilizzare alcune parti del nostro Servizio.<\/p><p style=\"text-align: left;\">Esempi di cookie che utilizziamo:<\/p><ul style=\"text-align: left;\"><li><strong>Cookie di sessione.<\/strong> Utilizziamo i cookie di sessione per gestire il nostro Servizio.<\/li><li><strong>Cookie di preferenza.<\/strong> Utilizziamo i cookie di preferenza per ricordare le vostre preferenze e le varie impostazioni.<\/li><li><strong>Cookie di sicurezza.<\/strong> Utilizziamo i cookie di sicurezza per scopi di sicurezza.<\/li><\/ul><h2 style=\"text-align: left;\">Utilizzo dei dati<\/h2><p style=\"text-align: left;\">Mine Vaganti NGO utilizza i dati raccolti per vari scopi:<\/p><ul style=\"text-align: left;\"><li>Fornire e mantenere il Servizio<\/li><li>Per notificare all'utente le modifiche apportate al nostro Servizio<\/li><li>Per consentire all'utente di partecipare alle funzioni interattive del nostro Servizio quando sceglie di farlo<\/li><li>Fornire assistenza e supporto ai clienti<\/li><li>Fornire analisi o informazioni preziose per migliorare il Servizio.<\/li><li>Per monitorare l'utilizzo del Servizio<\/li><li>Rilevare, prevenire e risolvere i problemi tecnici<\/li><\/ul><h2 style=\"text-align: left;\">Trasferimento dei dati<\/h2><p style=\"text-align: left;\">Le vostre informazioni, compresi i Dati personali, possono essere trasferite a - e mantenute su - computer situati al di fuori del vostro stato, provincia, paese o altra giurisdizione governativa in cui le leggi sulla protezione dei dati possono differire da quelle della vostra giurisdizione.<\/p><p style=\"text-align: left;\">Se vi trovate al di fuori dell'Italia e scegliete di fornirci informazioni, vi preghiamo di notare che trasferiamo i dati, compresi i Dati personali, in Italia e li trattiamo l\u00ec.<\/p><p style=\"text-align: left;\">Il consenso alla presente Informativa sulla privacy seguito dall'invio di tali informazioni rappresenta l'accettazione di tale trasferimento.<\/p><p style=\"text-align: left;\">Mine Vaganti NGO adotter\u00e0 tutte le misure ragionevolmente necessarie per garantire che i vostri dati siano trattati in modo sicuro e in conformit\u00e0 con la presente Informativa sulla privacy e nessun trasferimento dei vostri dati personali avverr\u00e0 a un'organizzazione o a un paese a meno che non vi siano controlli adeguati in atto, compresa la sicurezza dei vostri dati e altre informazioni personali.<\/p><h2 style=\"text-align: left;\">Divulgazione dei dati<\/h2><h3 style=\"text-align: left;\">Requisiti legali<\/h3><p style=\"text-align: left;\">Mine Vaganti NGO pu\u00f2 divulgare i vostri dati personali ritenendo in buona fede che tale azione sia necessaria per:<\/p><ul style=\"text-align: left;\"><li>Per adempiere a un obbligo legale<\/li><li>per proteggere e difendere i diritti o la propriet\u00e0 di Mine Vaganti NGO<\/li><li>Per prevenire o indagare su eventuali illeciti in relazione al Servizio<\/li><li>Per proteggere la sicurezza personale degli utenti del Servizio o del pubblico<\/li><li>Per tutelarsi dalla responsabilit\u00e0 legale<\/li><\/ul><h2 style=\"text-align: left;\">Sicurezza dei dati<\/h2><p style=\"text-align: left;\">La sicurezza dei vostri dati \u00e8 importante per noi, ma ricordate che nessun metodo di trasmissione su Internet o di archiviazione elettronica \u00e8 100% sicuro. Sebbene ci sforziamo di utilizzare mezzi commercialmente accettabili per proteggere i vostri dati personali, non possiamo garantirne l'assoluta sicurezza.<\/p><h2 style=\"text-align: left;\">Fornitori di servizi<\/h2><p style=\"text-align: left;\">Possiamo impiegare societ\u00e0 e individui terzi per facilitare il nostro Servizio (\"Fornitori di servizi\"), per fornire il Servizio per nostro conto, per eseguire servizi correlati al Servizio o per assisterci nell'analisi dell'utilizzo del nostro Servizio.<\/p><p style=\"text-align: left;\">Queste terze parti hanno accesso ai vostri dati personali solo per svolgere questi compiti per nostro conto e sono obbligate a non rivelarli o utilizzarli per qualsiasi altro scopo.<\/p><h2 style=\"text-align: left;\">Link ad altri siti<\/h2><p style=\"text-align: left;\">Il nostro Servizio pu\u00f2 contenere link ad altri siti non gestiti da noi. Se si fa clic su un link di terzi, si viene indirizzati al sito di tali terzi. Vi consigliamo vivamente di prendere visione dell'Informativa sulla privacy di ogni sito che visitate.<\/p><p style=\"text-align: left;\">Non abbiamo alcun controllo e non ci assumiamo alcuna responsabilit\u00e0 per il contenuto, le politiche sulla privacy o le pratiche di siti o servizi di terzi.<\/p><h2 style=\"text-align: left;\">Privacy dei bambini<\/h2><p style=\"text-align: left;\">Il nostro Servizio non si rivolge a persone di et\u00e0 inferiore ai 18 anni (\"Bambini\").<\/p><p style=\"text-align: left;\">Non raccogliamo consapevolmente informazioni di identificazione personale da persone di et\u00e0 inferiore ai 18 anni. Se siete un genitore o un tutore e siete a conoscenza del fatto che i vostri figli ci hanno fornito dati personali, vi preghiamo di contattarci. Se veniamo a conoscenza di aver raccolto dati personali da bambini senza aver verificato il consenso dei genitori, ci attiviamo per rimuovere tali informazioni dai nostri server.<\/p><h2 style=\"text-align: left;\">Modifiche alla presente Informativa sulla privacy<\/h2><p style=\"text-align: left;\">Possiamo aggiornare la nostra Informativa sulla privacy di tanto in tanto. Vi informeremo di eventuali modifiche pubblicando la nuova Informativa sulla privacy su questa pagina.<\/p><p style=\"text-align: left;\">Vi informeremo via e-mail e\/o con un avviso ben visibile sul nostro Servizio, prima che la modifica diventi effettiva e aggiorneremo la \"data di entrata in vigore\" all'inizio della presente Informativa sulla privacy.<\/p><p style=\"text-align: left;\">Si consiglia di rivedere periodicamente la presente Informativa sulla privacy per eventuali modifiche. Le modifiche alla presente Informativa sulla privacy entrano in vigore nel momento in cui vengono pubblicate su questa pagina.<\/p><h2 style=\"text-align: left;\">Contattaci<\/h2><p style=\"text-align: left;\">In caso di domande sulla presente Informativa sulla privacy, si prega di contattarci:<\/p><ul><li style=\"text-align: left;\">Per e-mail: info@minevaganti.org<\/li><\/ul>\t\t\t\t\t\t\t\t<\/div>\n\t\t\t\t<\/div>\n\t\t\t\t\t<\/div>\n\t\t<\/div>\n\t\t\t\t\t<\/div>\n\t\t<\/section>\n\t\t\t\t<\/div>","protected":false},"excerpt":{"rendered":"<p>Privacy policy Effective date: November 21, 2018 Mine Vaganti NGO (&#8220;us&#8221;, &#8220;we&#8221;, or &#8220;our&#8221;) operates the https:\/\/minevaganti.org\/ website (the &#8220;Service&#8221;). This page informs you of our policies regarding the collection, use, and disclosure of personal data when you use our Service and the choices you have associated with that data. We use your data to [&hellip;]<\/p>\n","protected":false},"author":9,"featured_media":0,"parent":0,"menu_order":0,"comment_status":"closed","ping_status":"closed","template":"","meta":{"ocean_post_layout":"full-screen","ocean_both_sidebars_style":"","ocean_both_sidebars_content_width":0,"ocean_both_sidebars_sidebars_width":0,"ocean_sidebar":"0","ocean_second_sidebar":"0","ocean_disable_margins":"enable","ocean_add_body_class":"","ocean_shortcode_before_top_bar":"","ocean_shortcode_after_top_bar":"","ocean_shortcode_before_header":"","ocean_shortcode_after_header":"","ocean_has_shortcode":"","ocean_shortcode_after_title":"","ocean_shortcode_before_footer_widgets":"","ocean_shortcode_after_footer_widgets":"","ocean_shortcode_before_footer_bottom":"","ocean_shortcode_after_footer_bottom":"","ocean_display_top_bar":"default","ocean_display_header":"default","ocean_header_style":"","ocean_center_header_left_menu":"0","ocean_custom_header_template":"0","ocean_custom_logo":0,"ocean_custom_retina_logo":0,"ocean_custom_logo_max_width":0,"ocean_custom_logo_tablet_max_width":0,"ocean_custom_logo_mobile_max_width":0,"ocean_custom_logo_max_height":0,"ocean_custom_logo_tablet_max_height":0,"ocean_custom_logo_mobile_max_height":0,"ocean_header_custom_menu":"0","ocean_menu_typo_font_family":"0","ocean_menu_typo_font_subset":"","ocean_menu_typo_font_size":0,"ocean_menu_typo_font_size_tablet":0,"ocean_menu_typo_font_size_mobile":0,"ocean_menu_typo_font_size_unit":"px","ocean_menu_typo_font_weight":"","ocean_menu_typo_font_weight_tablet":"","ocean_menu_typo_font_weight_mobile":"","ocean_menu_typo_transform":"","ocean_menu_typo_transform_tablet":"","ocean_menu_typo_transform_mobile":"","ocean_menu_typo_line_height":0,"ocean_menu_typo_line_height_tablet":0,"ocean_menu_typo_line_height_mobile":0,"ocean_menu_typo_line_height_unit":"","ocean_menu_typo_spacing":0,"ocean_menu_typo_spacing_tablet":0,"ocean_menu_typo_spacing_mobile":0,"ocean_menu_typo_spacing_unit":"","ocean_menu_link_color":"","ocean_menu_link_color_hover":"","ocean_menu_link_color_active":"","ocean_menu_link_background":"","ocean_menu_link_hover_background":"","ocean_menu_link_active_background":"","ocean_menu_social_links_bg":"","ocean_menu_social_hover_links_bg":"","ocean_menu_social_links_color":"","ocean_menu_social_hover_links_color":"","ocean_disable_title":"on","ocean_disable_heading":"default","ocean_post_title":"","ocean_post_subheading":"","ocean_post_title_style":"","ocean_post_title_background_color":"","ocean_post_title_background":0,"ocean_post_title_bg_image_position":"","ocean_post_title_bg_image_attachment":"","ocean_post_title_bg_image_repeat":"","ocean_post_title_bg_image_size":"","ocean_post_title_height":0,"ocean_post_title_bg_overlay":0.5,"ocean_post_title_bg_overlay_color":"","ocean_disable_breadcrumbs":"default","ocean_breadcrumbs_color":"","ocean_breadcrumbs_separator_color":"","ocean_breadcrumbs_links_color":"","ocean_breadcrumbs_links_hover_color":"","ocean_display_footer_widgets":"default","ocean_display_footer_bottom":"default","ocean_custom_footer_template":"0","footnotes":""},"class_list":["post-15508","page","type-page","status-publish","hentry","entry"],"_links":{"self":[{"href":"https:\/\/minevaganti.org\/it\/wp-json\/wp\/v2\/pages\/15508","targetHints":{"allow":["GET"]}}],"collection":[{"href":"https:\/\/minevaganti.org\/it\/wp-json\/wp\/v2\/pages"}],"about":[{"href":"https:\/\/minevaganti.org\/it\/wp-json\/wp\/v2\/types\/page"}],"author":[{"embeddable":true,"href":"https:\/\/minevaganti.org\/it\/wp-json\/wp\/v2\/users\/9"}],"replies":[{"embeddable":true,"href":"https:\/\/minevaganti.org\/it\/wp-json\/wp\/v2\/comments?post=15508"}],"version-history":[{"count":8,"href":"https:\/\/minevaganti.org\/it\/wp-json\/wp\/v2\/pages\/15508\/revisions"}],"predecessor-version":[{"id":19102,"href":"https:\/\/minevaganti.org\/it\/wp-json\/wp\/v2\/pages\/15508\/revisions\/19102"}],"wp:attachment":[{"href":"https:\/\/minevaganti.org\/it\/wp-json\/wp\/v2\/media?parent=15508"}],"curies":[{"name":"wp","href":"https:\/\/api.w.org\/{rel}","templated":true}]}}