{"id":11811,"date":"2018-06-13T12:39:10","date_gmt":"2018-06-13T12:39:10","guid":{"rendered":"http:\/\/minevaganti.org\/?page_id=11811"},"modified":"2020-06-17T16:46:04","modified_gmt":"2020-06-17T16:46:04","slug":"awards","status":"publish","type":"page","link":"https:\/\/minevaganti.org\/it\/awards\/","title":{"rendered":"PREMI"},"content":{"rendered":"<div data-elementor-type=\"wp-page\" data-elementor-id=\"11811\" class=\"elementor elementor-11811\" data-elementor-post-type=\"page\">\n\t\t\t\t\t\t<section class=\"elementor-section elementor-top-section elementor-element elementor-element-eee0b7d elementor-section-boxed elementor-section-height-default elementor-section-height-default\" data-id=\"eee0b7d\" data-element_type=\"section\" data-e-type=\"section\">\n\t\t\t\t\t\t<div class=\"elementor-container elementor-column-gap-default\">\n\t\t\t\t\t<div class=\"elementor-column elementor-col-100 elementor-top-column elementor-element elementor-element-31d0726d\" data-id=\"31d0726d\" data-element_type=\"column\" data-e-type=\"column\">\n\t\t\t<div class=\"elementor-widget-wrap elementor-element-populated\">\n\t\t\t\t\t\t<div class=\"elementor-element elementor-element-1ad5700f elementor-widget elementor-widget-text-editor\" data-id=\"1ad5700f\" data-element_type=\"widget\" data-e-type=\"widget\" data-widget_type=\"text-editor.default\">\n\t\t\t\t<div class=\"elementor-widget-container\">\n\t\t\t\t\t\t\t\t\t<h2 style=\"text-align: center;\"><span style=\"color: #000000;\">PREMI<\/span><\/h2><p>L'Mine Vaganti NGO, nel corso degli anni, ha ricevuto riconoscimenti per il lavoro e l'impegno profuso nelle aree tematiche:<\/p><p>-Sport<\/p><p>-Ambiente<\/p><p>-Design europeo<\/p><p>Sport: Spolint<\/p><p>Nel 2013, Roberto Solinas, presidente di MVNGO, \u00e8 entrato nel prestigioso comitato consultivo del Think Tank Spolint.<\/p><p>Il comitato consultivo \u00e8 una piattaforma di esperti pubblici dello sport composta da:<\/p><p>prof. Ivan Anastasovski, PhD, Macedonia<\/p><p>Mariann Bardocz-Bencsik, Ungheria<\/p><p>Marko Begovic, Montenegro<\/p><p>prof. George Chiladze, dottore di ricerca, Georgia<\/p><p>Mihajlo Deli\u0107, Serbia<\/p><p>prof. Ignaas Devisch, PhD, Belgio<\/p><p>Christian Hinterbeger, Austria<\/p><p>Julian Jappert, Francia<\/p><p>Simon Li\u010den, PhD, Slovenia<\/p><p>prof. Sigmund Loland, PhD, Norvegia<\/p><p>prof.ssa Irena Martinkova, PhD, ceca<\/p><p>prof. Jim Parry, PhD, Regno Unito<\/p><p>prof. Simona Petracovschi , PhD, Romania<\/p><p>Stevo Popovic, PhD, Montenegro<\/p><p>Carole Ponchon, Belgio<\/p><p>Decano Micheal Ravizza, PhD, USA<\/p><p>Roberto Solinas, Italia<\/p><p>prof. Ricardo Uvinha, PhD, Brasile<\/p><p>Il Presidente dell'Mine Vaganti NGO e Responsabile della sezione Sport della MVNGO, Dr. Roberto Solinas, esperto nei settori dello Sport, dello Sport Management e dell'Educazione attraverso lo Sport, con un considerevole curriculum di progetti e iniziative sportive realizzate a livello locale, europeo e internazionale, fa parte del pool di esperti del think-thank internazionale sullo Sport Spolint.<\/p><p>MVNGO \u00e8 entrata ufficialmente a far parte dell'ISCA (International Sport and Culture Association), una rete incentrata sulla promozione dell'educazione attraverso lo sport a livello globale.<\/p><p>\u00a0<\/p><p><strong>Ambiente: Cop 15 e consultazioni avviate dalla DG Ambiente<\/strong><\/p><p>L'Mine Vaganti NGO, da sempre sensibile alle tematiche ambientali, \u00e8 stato selezionato tra 11 organizzazioni, enti pubblici e istituti europei dalla Direzione Ambiente della Commissione Europea (DG ENV), per una consultazione finalizzata alla stesura del Manifesto dei Giovani per la Biodiversit\u00e0 da presentare alla prossima Cop15 (Convenzione sulla Diversit\u00e0 Biologica).<\/p><p>Durante le due giornate di lavoro si sono tenute riunioni tecniche e tematiche con i vari responsabili della DG Ambiente.<\/p><p>Inoltre, \u00e8 stato presentato il piano degli eventi e delle azioni previste per la Settimana verde 2020, richiedendo un feedback sui temi e sulle modalit\u00e0 di diffusione e comunicazione degli eventi previsti.<\/p><p>All'evento ha partecipato la Vicepresidente, dr.ssa Maria Grazia Pirina, che attualmente partecipa alle azioni tematiche di consultazione online su ambiente, biodiversit\u00e0 e clima.<\/p><p>MVNGO ha avviato un dialogo aperto con biologi e attivisti ambientali per lo sviluppo di nuove idee progettuali in linea con le priorit\u00e0 stabilite da Europa 2050.<\/p><p>\u00a0<\/p><p><strong>Progettazione e consulenza: H2020 e valutazione di proposte di progetto<\/strong><\/p><p>Il consiglio di amministrazione dell'Mine Vaganti NGO \u00e8 coinvolto in attivit\u00e0 di consulenza individuale in progetti H2020 in qualit\u00e0 di esperti di comunicazione.<\/p><p>Per ulteriori informazioni, visitare il sito <a href=\"https:\/\/ptwist.eu\/\">PTWIST<\/a>\u00a0 (<span>Horizon2020 \"ICT-11-2017 Piattaforme di consapevolezza collettiva per la sostenibilit\u00e0 e l'innovazione sociale\").<\/span><\/p><p>Alcuni membri sono accreditati come valutatori di azioni centralizzate finanziate dalla Commissione europea per progetti di innovazione e ricerca.<\/p><p>Tra i vari progetti sviluppati nel corso degli anni, due proposte di progetto hanno ricevuto riconoscimenti speciali dalle agenzie dell'UE:<\/p><p>- Progetto di partenariato strategico nell'educazione degli adulti \"Eurbanities\": eletto come migliore pratica dall'Agenzia nazionale tedesca nel 2017;<\/p><p>-Il progetto Cosme \"Forever Young\" \u00e8 stato selezionato tra gli 11 progetti pilota europei per incoraggiare lo sviluppo di piccole e medie imprese nel settore del turismo in aree rurali e sottosviluppate.<\/p>\t\t\t\t\t\t\t\t<\/div>\n\t\t\t\t<\/div>\n\t\t\t\t\t<\/div>\n\t\t<\/div>\n\t\t\t\t\t<\/div>\n\t\t<\/section>\n\t\t\t\t<\/div>","protected":false},"excerpt":{"rendered":"<p>AWARDS Mine Vaganti NGO, over the years, has received awards for the work and commitment carried out in thematic areas: -Sport -Environment -European design Sport: Spolint In 2013, Roberto Solinas, the President of MVNGO entered the prestigious advisory board of the Think Tank Spolint. The advisory board is a platform of Sport public experts composed [&hellip;]<\/p>\n","protected":false},"author":9,"featured_media":0,"parent":0,"menu_order":0,"comment_status":"closed","ping_status":"closed","template":"","meta":{"ocean_post_layout":"","ocean_both_sidebars_style":"","ocean_both_sidebars_content_width":0,"ocean_both_sidebars_sidebars_width":0,"ocean_sidebar":"0","ocean_second_sidebar":"0","ocean_disable_margins":"enable","ocean_add_body_class":"","ocean_shortcode_before_top_bar":"","ocean_shortcode_after_top_bar":"","ocean_shortcode_before_header":"","ocean_shortcode_after_header":"","ocean_has_shortcode":"","ocean_shortcode_after_title":"","ocean_shortcode_before_footer_widgets":"","ocean_shortcode_after_footer_widgets":"","ocean_shortcode_before_footer_bottom":"","ocean_shortcode_after_footer_bottom":"","ocean_display_top_bar":"default","ocean_display_header":"default","ocean_header_style":"","ocean_center_header_left_menu":"0","ocean_custom_header_template":"0","ocean_custom_logo":0,"ocean_custom_retina_logo":0,"ocean_custom_logo_max_width":0,"ocean_custom_logo_tablet_max_width":0,"ocean_custom_logo_mobile_max_width":0,"ocean_custom_logo_max_height":0,"ocean_custom_logo_tablet_max_height":0,"ocean_custom_logo_mobile_max_height":0,"ocean_header_custom_menu":"0","ocean_menu_typo_font_family":"0","ocean_menu_typo_font_subset":"","ocean_menu_typo_font_size":0,"ocean_menu_typo_font_size_tablet":0,"ocean_menu_typo_font_size_mobile":0,"ocean_menu_typo_font_size_unit":"px","ocean_menu_typo_font_weight":"","ocean_menu_typo_font_weight_tablet":"","ocean_menu_typo_font_weight_mobile":"","ocean_menu_typo_transform":"","ocean_menu_typo_transform_tablet":"","ocean_menu_typo_transform_mobile":"","ocean_menu_typo_line_height":0,"ocean_menu_typo_line_height_tablet":0,"ocean_menu_typo_line_height_mobile":0,"ocean_menu_typo_line_height_unit":"","ocean_menu_typo_spacing":0,"ocean_menu_typo_spacing_tablet":0,"ocean_menu_typo_spacing_mobile":0,"ocean_menu_typo_spacing_unit":"","ocean_menu_link_color":"","ocean_menu_link_color_hover":"","ocean_menu_link_color_active":"","ocean_menu_link_background":"","ocean_menu_link_hover_background":"","ocean_menu_link_active_background":"","ocean_menu_social_links_bg":"","ocean_menu_social_hover_links_bg":"","ocean_menu_social_links_color":"","ocean_menu_social_hover_links_color":"","ocean_disable_title":"default","ocean_disable_heading":"default","ocean_post_title":"","ocean_post_subheading":"","ocean_post_title_style":"","ocean_post_title_background_color":"","ocean_post_title_background":0,"ocean_post_title_bg_image_position":"","ocean_post_title_bg_image_attachment":"","ocean_post_title_bg_image_repeat":"","ocean_post_title_bg_image_size":"","ocean_post_title_height":0,"ocean_post_title_bg_overlay":0.5,"ocean_post_title_bg_overlay_color":"","ocean_disable_breadcrumbs":"default","ocean_breadcrumbs_color":"","ocean_breadcrumbs_separator_color":"","ocean_breadcrumbs_links_color":"","ocean_breadcrumbs_links_hover_color":"","ocean_display_footer_widgets":"default","ocean_display_footer_bottom":"default","ocean_custom_footer_template":"0","footnotes":""},"class_list":["post-11811","page","type-page","status-publish","hentry","entry"],"_links":{"self":[{"href":"https:\/\/minevaganti.org\/it\/wp-json\/wp\/v2\/pages\/11811","targetHints":{"allow":["GET"]}}],"collection":[{"href":"https:\/\/minevaganti.org\/it\/wp-json\/wp\/v2\/pages"}],"about":[{"href":"https:\/\/minevaganti.org\/it\/wp-json\/wp\/v2\/types\/page"}],"author":[{"embeddable":true,"href":"https:\/\/minevaganti.org\/it\/wp-json\/wp\/v2\/users\/9"}],"replies":[{"embeddable":true,"href":"https:\/\/minevaganti.org\/it\/wp-json\/wp\/v2\/comments?post=11811"}],"version-history":[{"count":19,"href":"https:\/\/minevaganti.org\/it\/wp-json\/wp\/v2\/pages\/11811\/revisions"}],"predecessor-version":[{"id":23092,"href":"https:\/\/minevaganti.org\/it\/wp-json\/wp\/v2\/pages\/11811\/revisions\/23092"}],"wp:attachment":[{"href":"https:\/\/minevaganti.org\/it\/wp-json\/wp\/v2\/media?parent=11811"}],"curies":[{"name":"wp","href":"https:\/\/api.w.org\/{rel}","templated":true}]}}